{"id":3580,"date":"2020-06-15T13:42:59","date_gmt":"2020-06-15T20:42:59","guid":{"rendered":"https:\/\/www.rabalancegroup.com\/?page_id=3580"},"modified":"2022-07-12T10:34:04","modified_gmt":"2022-07-12T17:34:04","slug":"nuestro-inicio","status":"publish","type":"page","link":"https:\/\/www.rabalancegroup.com\/es\/","title":{"rendered":"Nuestro Inicio"},"content":{"rendered":"<p>[vc_row full_width=\u00bbstretch_row\u00bb][vc_column]\n\t\t\t<section class=\" cover imagebg videobg height-100 text-center\" data-overlay=\"5\">\n\t\t\t\t\n\t\t\t\t<div class=\"youtube-background\" data-video-url=\"Ju86mknumYM\" data-start-at=\"0\"><\/div>\n\t\t\t\t\n\t\t\t\t<div class=\"background-image-holder\">\n\t\t\t\t\t<img width=\"2560\" height=\"1707\" src=\"https:\/\/www.rabalancegroup.com\/wp-content\/uploads\/2020\/06\/simon-rae-IGOBsR93I7Y-unsplash-scaled.jpg\" class=\"attachment-full size-full\" alt=\"\" decoding=\"async\" loading=\"lazy\" srcset=\"https:\/\/www.rabalancegroup.com\/wp-content\/uploads\/2020\/06\/simon-rae-IGOBsR93I7Y-unsplash-scaled.jpg 2560w, https:\/\/www.rabalancegroup.com\/wp-content\/uploads\/2020\/06\/simon-rae-IGOBsR93I7Y-unsplash-300x200.jpg 300w, https:\/\/www.rabalancegroup.com\/wp-content\/uploads\/2020\/06\/simon-rae-IGOBsR93I7Y-unsplash-1024x683.jpg 1024w, https:\/\/www.rabalancegroup.com\/wp-content\/uploads\/2020\/06\/simon-rae-IGOBsR93I7Y-unsplash-768x512.jpg 768w, https:\/\/www.rabalancegroup.com\/wp-content\/uploads\/2020\/06\/simon-rae-IGOBsR93I7Y-unsplash-1536x1024.jpg 1536w, https:\/\/www.rabalancegroup.com\/wp-content\/uploads\/2020\/06\/simon-rae-IGOBsR93I7Y-unsplash-2048x1366.jpg 2048w, https:\/\/www.rabalancegroup.com\/wp-content\/uploads\/2020\/06\/simon-rae-IGOBsR93I7Y-unsplash-600x400.jpg 600w\" sizes=\"(max-width: 2560px) 100vw, 2560px\" \/>\n\t\t\t\t<\/div>\n\t\t\t\t\n\t\t\t\t<div class=\"container pos-vertical-center\">\n\t\t\t\t\t<div class=\"row\">\n\t\t\t\t\t\t<div class=\"col-sm-12\">[vc_column_text]<\/p>\n<h1 class=\"h1--large\" style=\"text-align: center;\">Salud en Equilibrio<\/h1>\n<h3 style=\"text-align: center;\">Proveemos terapias alternativas que combinan la salud natural del cuerpo con la mejor tecnolog\u00eda Biom\u00e9dica de una forma segura y a un costo efectivo.<\/h3>\n<p>[\/vc_column_text]<\/div>\n\t\t\t\t\t<\/div>\n\t\t\t\t<\/div>\n\t\t<\/section>[\/vc_column][\/vc_row][vc_section][vc_row][vc_column width=\u00bb1\/6&#8243;][\/vc_column][vc_column width=\u00bb2\/3&#8243;][vc_column_text]<\/p>\n<h1 style=\"text-align: center;\">Bienvenido, estamos aqu\u00ed por t\u00ed<\/h1>\n<h3 style=\"text-align: center;\">Nosotros representamos una tecnolog\u00eda inovadora desarrollada espec\u00edficamente para el tratamiento no intrusivo, no qu\u00edmico y natural para los s\u00edntomas y los problemas de la salud.<\/h3>\n<p>[\/vc_column_text][\/vc_column][vc_column width=\u00bb1\/6&#8243;][\/vc_column][\/vc_row][\/vc_section][vc_row full_width=\u00bbstretch_row\u00bb][vc_column]\n\t\t\t<section class=\"height-100 cover height-90 imagebg parallax\" data-overlay=\"0\" >\n\t\t\t\t<div class=\"background-image-holder\">\n\t\t\t\t\t<img width=\"2560\" height=\"1616\" src=\"https:\/\/www.rabalancegroup.com\/wp-content\/uploads\/2020\/06\/simon-migaj-Yui5vfKHuzs-unsplash-scaled.jpg\" class=\"attachment-full size-full\" alt=\"\" decoding=\"async\" loading=\"lazy\" srcset=\"https:\/\/www.rabalancegroup.com\/wp-content\/uploads\/2020\/06\/simon-migaj-Yui5vfKHuzs-unsplash-scaled.jpg 2560w, https:\/\/www.rabalancegroup.com\/wp-content\/uploads\/2020\/06\/simon-migaj-Yui5vfKHuzs-unsplash-300x189.jpg 300w, https:\/\/www.rabalancegroup.com\/wp-content\/uploads\/2020\/06\/simon-migaj-Yui5vfKHuzs-unsplash-1024x646.jpg 1024w, https:\/\/www.rabalancegroup.com\/wp-content\/uploads\/2020\/06\/simon-migaj-Yui5vfKHuzs-unsplash-768x485.jpg 768w, https:\/\/www.rabalancegroup.com\/wp-content\/uploads\/2020\/06\/simon-migaj-Yui5vfKHuzs-unsplash-1536x970.jpg 1536w, https:\/\/www.rabalancegroup.com\/wp-content\/uploads\/2020\/06\/simon-migaj-Yui5vfKHuzs-unsplash-2048x1293.jpg 2048w, https:\/\/www.rabalancegroup.com\/wp-content\/uploads\/2020\/06\/simon-migaj-Yui5vfKHuzs-unsplash-600x379.jpg 600w\" sizes=\"(max-width: 2560px) 100vw, 2560px\" \/>\n\t\t\t\t<\/div>\n\t\t\t\t<div class=\"container pos-vertical-center\">\n\t\t\t\t\t<div class=\"row\">\n\t\t\t\t\t\t<div class=\"col-sm-12\"><\/div>\n\t\t\t\t\t<\/div><!--end of row-->\n\t\t\t\t<\/div><!--end of container-->\n\t\t\t\t\n\t\t\t<\/section>\n\t\t[\/vc_column][\/vc_row][vc_section][vc_row][vc_column][vc_column_text]<\/p>\n<h1 class=\"\" style=\"text-align: center;\">Nuestros Servicios<\/h1>\n<p>[\/vc_column_text][\/vc_column][\/vc_row][vc_row css=\u00bb.vc_custom_1490043543688{padding-top: 100px !important;}\u00bb][vc_column width=\u00bb1\/2&#8243;]\n\t\t\t<div class=\" feature feature-1\">\n\t\t\t    <img width=\"1024\" height=\"682\" src=\"https:\/\/www.rabalancegroup.com\/wp-content\/uploads\/2020\/06\/101540509_256773558913821_1996343315062063104_n.jpg\" class=\"attachment-large size-large\" alt=\"\" decoding=\"async\" loading=\"lazy\" srcset=\"https:\/\/www.rabalancegroup.com\/wp-content\/uploads\/2020\/06\/101540509_256773558913821_1996343315062063104_n.jpg 1024w, https:\/\/www.rabalancegroup.com\/wp-content\/uploads\/2020\/06\/101540509_256773558913821_1996343315062063104_n-300x200.jpg 300w, https:\/\/www.rabalancegroup.com\/wp-content\/uploads\/2020\/06\/101540509_256773558913821_1996343315062063104_n-768x512.jpg 768w, https:\/\/www.rabalancegroup.com\/wp-content\/uploads\/2020\/06\/101540509_256773558913821_1996343315062063104_n-600x400.jpg 600w\" sizes=\"(max-width: 1024px) 100vw, 1024px\" \/>\n\t\t\t    <div class=\"feature__body boxed boxed--lg boxed--border\"><\/p>\n<h3 class=\"\">Biomagnetismo<\/h3>\n<p class=\"\">La terapia biomagn\u00e9tica es un m\u00e9todo probado con el objetivo de equilibrar los niveles de pH.<\/p>\n<p>&nbsp;<\/p>\n<p><a href=\"https:\/\/www.rabalancegroup.com\/biomagnetism\/\">Saber M\u00e1s<\/a><\/div>\n\t\t\t<\/div>\n\t\t[\/vc_column][vc_column width=\u00bb1\/2&#8243;]\n\t\t\t<div class=\" feature feature-1\">\n\t\t\t    <img width=\"1024\" height=\"614\" src=\"https:\/\/www.rabalancegroup.com\/wp-content\/uploads\/2020\/06\/bioenergetics2-1024x614.jpg\" class=\"attachment-large size-large\" alt=\"\" decoding=\"async\" loading=\"lazy\" srcset=\"https:\/\/www.rabalancegroup.com\/wp-content\/uploads\/2020\/06\/bioenergetics2-1024x614.jpg 1024w, https:\/\/www.rabalancegroup.com\/wp-content\/uploads\/2020\/06\/bioenergetics2-300x180.jpg 300w, https:\/\/www.rabalancegroup.com\/wp-content\/uploads\/2020\/06\/bioenergetics2-768x461.jpg 768w, https:\/\/www.rabalancegroup.com\/wp-content\/uploads\/2020\/06\/bioenergetics2-600x360.jpg 600w, https:\/\/www.rabalancegroup.com\/wp-content\/uploads\/2020\/06\/bioenergetics2.jpg 1500w\" sizes=\"(max-width: 1024px) 100vw, 1024px\" \/>\n\t\t\t    <div class=\"feature__body boxed boxed--lg boxed--border\"><\/p>\n<h3 class=\"\">El M\u00e9todo RA Balance<\/h3>\n<p class=\"\">El M\u00e9todo RA Balance es imanes con esteroides por decir, es una t\u00e9cnica que utiliza nuestras facultades naturales para descubrir enfermedades que causan perturbaciones en nuestra energ\u00eda.<\/p>\n<p><a href=\"https:\/\/www.rabalancegroup.com\/es\/el-metodo-ra-balance\/\">Saber M\u00e1s<\/a><\/div>\n\t\t\t<\/div>\n\t\t[\/vc_column][\/vc_row][\/vc_section][vc_section el_class=\u00bbimagebg\u00bb ebor_gradient=\u00bb#3772a7,#5693c9,#74abdc,#91c3ef\u00bb][vc_row][vc_column width=\u00bb1\/6&#8243;][\/vc_column][vc_column width=\u00bb2\/3&#8243;][vc_column_text]<\/p>\n<h2 class=\"h1\" style=\"text-align: center;\"><i>Suscr\u00edbase a nuestro bolet\u00edn de noticias<\/i><\/h2>\n<h4 style=\"text-align: center;\">Mant\u00e9ngase en contacto con nosotros solamente escribiendo su correo electr\u00f3nico.<br \/>\nLa estaremos enviando importante noticias sobre nuevas implementaciones.<\/h4>\n<p>[\/vc_column_text][vc_empty_space]<div role=\"form\" class=\"wpcf7\" id=\"wpcf7-f726-o1\" lang=\"en-US\" dir=\"ltr\">\n<div class=\"screen-reader-response\"><p role=\"status\" aria-live=\"polite\" aria-atomic=\"true\"><\/p> <ul><\/ul><\/div>\n<form action=\"\/es\/wp-json\/wp\/v2\/pages\/3580#wpcf7-f726-o1\" method=\"post\" class=\"wpcf7-form init\" novalidate=\"novalidate\" data-status=\"init\">\n<div style=\"display: none;\">\n<input type=\"hidden\" name=\"_wpcf7\" value=\"726\" \/>\n<input type=\"hidden\" name=\"_wpcf7_version\" value=\"5.6\" \/>\n<input type=\"hidden\" name=\"_wpcf7_locale\" value=\"en_US\" \/>\n<input type=\"hidden\" name=\"_wpcf7_unit_tag\" value=\"wpcf7-f726-o1\" \/>\n<input type=\"hidden\" name=\"_wpcf7_container_post\" value=\"0\" \/>\n<input type=\"hidden\" name=\"_wpcf7_posted_data_hash\" value=\"\" \/>\n<\/div>\n<div class=\"row text-center\">\n<div class=\"col-md-6 col-md-offset-2 col-sm-8\">\n            <span class=\"wpcf7-form-control-wrap\" data-name=\"your-email\"><input type=\"email\" name=\"your-email\" value=\"\" size=\"40\" class=\"wpcf7-form-control wpcf7-text wpcf7-email wpcf7-validates-as-required wpcf7-validates-as-email\" aria-required=\"true\" aria-invalid=\"false\" placeholder=\"Enter your email for our monthly newsletter\" \/><\/span>\n        <\/div>\n<div class=\"col-md-2 col-sm-4\">\n            <button type=\"submit\" value=\"Subscribe\" class=\"wpcf7-form-control has-spinner wpcf7-submit btn btn--primary type--uppercase\" \/>\n        <\/div>\n<\/div>\n<div class=\"wpcf7-response-output\" aria-hidden=\"true\"><\/div><\/form><\/div>[\/vc_column][vc_column width=\u00bb1\/6&#8243;][\/vc_column][\/vc_row][\/vc_section][vc_row full_width=\u00bbstretch_row\u00bb][vc_column]\n\t\t\t<section class=\"parallax switchable switchable--switch imagebg height-50\" data-overlay=\"0\" >\n\t\t\t    <div class=\"background-image-holder\"><img width=\"1024\" height=\"682\" src=\"https:\/\/www.rabalancegroup.com\/wp-content\/uploads\/2020\/06\/100821884_341904846792888_1970709528605360128_n.jpg\" class=\"attachment-full size-full\" alt=\"\" decoding=\"async\" loading=\"lazy\" srcset=\"https:\/\/www.rabalancegroup.com\/wp-content\/uploads\/2020\/06\/100821884_341904846792888_1970709528605360128_n.jpg 1024w, https:\/\/www.rabalancegroup.com\/wp-content\/uploads\/2020\/06\/100821884_341904846792888_1970709528605360128_n-300x200.jpg 300w, https:\/\/www.rabalancegroup.com\/wp-content\/uploads\/2020\/06\/100821884_341904846792888_1970709528605360128_n-768x512.jpg 768w, https:\/\/www.rabalancegroup.com\/wp-content\/uploads\/2020\/06\/100821884_341904846792888_1970709528605360128_n-600x400.jpg 600w\" sizes=\"(max-width: 1024px) 100vw, 1024px\" \/><\/div>\n\t\t\t    <div class=\"container pos-vertical-center\">\n\t\t\t        <div class=\"row\">\n\t\t\t            <div class=\"col-sm-6\"><\/div>\n\t\t\t        <\/div><!--end of row-->\n\t\t\t    <\/div><!--end of container-->\n\t\t\t    \n\t\t\t<\/section>\n\t\t[\/vc_column][\/vc_row][vc_section][vc_row][vc_column][vc_column_text]<\/p>\n<h1 class=\"\" style=\"text-align: center;\">Estando ah\u00ed para t\u00ed, escuchando y entendiendo<\/h1>\n<p>[\/vc_column_text][vc_empty_space]<div class=\"slider\" data-paging=\"true\">\n\t<ul class=\"slides\">\n\t\t<li class=\"text-center\">\n\t<div class=\"testimonial\">\n\t\t<blockquote>\n\t\t\t&ldquo;Estoy muy satisfecha con los resultados de las terapias, lo puedo recomendar con total seguridad.&rdquo;\t\n\t\t<\/blockquote>\n\t\t<h5>Elena G.<\/h5><span>RA Patient<\/span>\t<\/div>\n<\/li><li class=\"text-center\">\n\t<div class=\"testimonial\">\n\t\t<blockquote>\n\t\t\t&ldquo;Excelente 100% recomendable. Toda mi familia y yo estamos maravillados con RA Balance, muy cordial y profesional. \u00a1Gracias RA Equilibrio!&rdquo;\t\n\t\t<\/blockquote>\n\t\t<h5>Rosa V.<\/h5><span>RA Patient<\/span>\t<\/div>\n<\/li><li class=\"text-center\">\n\t<div class=\"testimonial\">\n\t\t<blockquote>\n\t\t\t&ldquo;Alguien que conozco muy bien tuvo un sangrado abundante debido a los fibromas. Desde que ha estado tomando los tratamientos magn\u00e9ticos ha vuelto a la normalidad.&rdquo;\t\n\t\t<\/blockquote>\n\t\t<h5>Marcia T.<\/h5><span>RA Patient<\/span>\t<\/div>\n<\/li><li class=\"text-center\">\n\t<div class=\"testimonial\">\n\t\t<blockquote>\n\t\t\t&ldquo;Excelente, 100% recomendable. Trato agradable, muy profesional \u2661. Toda mi familia ha asistido a la terapia por m\u00e1s de 2 a\u00f1os.&rdquo;\t\n\t\t<\/blockquote>\n\t\t<h5>Maria V.<\/h5><span>RA Patient<\/span>\t<\/div>\n<\/li>\t<\/ul>\n<\/div>[\/vc_column][\/vc_row][\/vc_section]<\/p>\n","protected":false},"excerpt":{"rendered":"<p>[vc_row full_width=\u00bbstretch_row\u00bb][vc_column][\/vc_column][\/vc_row][vc_section][vc_row][vc_column width=\u00bb1\/6&#8243;][\/vc_column][vc_column width=\u00bb2\/3&#8243;][vc_column_text] Bienvenido, estamos aqu\u00ed por t\u00ed Nosotros representamos una tecnolog\u00eda inovadora desarrollada espec\u00edficamente para el tratamiento no intrusivo, no&#8230;<\/p>\n","protected":false},"author":1,"featured_media":0,"parent":0,"menu_order":0,"comment_status":"closed","ping_status":"closed","template":"","meta":[],"_links":{"self":[{"href":"https:\/\/www.rabalancegroup.com\/es\/wp-json\/wp\/v2\/pages\/3580"}],"collection":[{"href":"https:\/\/www.rabalancegroup.com\/es\/wp-json\/wp\/v2\/pages"}],"about":[{"href":"https:\/\/www.rabalancegroup.com\/es\/wp-json\/wp\/v2\/types\/page"}],"author":[{"embeddable":true,"href":"https:\/\/www.rabalancegroup.com\/es\/wp-json\/wp\/v2\/users\/1"}],"replies":[{"embeddable":true,"href":"https:\/\/www.rabalancegroup.com\/es\/wp-json\/wp\/v2\/comments?post=3580"}],"version-history":[{"count":9,"href":"https:\/\/www.rabalancegroup.com\/es\/wp-json\/wp\/v2\/pages\/3580\/revisions"}],"predecessor-version":[{"id":3906,"href":"https:\/\/www.rabalancegroup.com\/es\/wp-json\/wp\/v2\/pages\/3580\/revisions\/3906"}],"wp:attachment":[{"href":"https:\/\/www.rabalancegroup.com\/es\/wp-json\/wp\/v2\/media?parent=3580"}],"curies":[{"name":"wp","href":"https:\/\/api.w.org\/{rel}","templated":true}]}}