{"id":3613,"date":"2020-06-15T13:57:26","date_gmt":"2020-06-15T20:57:26","guid":{"rendered":"https:\/\/www.rabalancegroup.com\/?page_id=3613"},"modified":"2020-06-15T23:57:48","modified_gmt":"2020-06-16T06:57:48","slug":"nuestra-empresa","status":"publish","type":"page","link":"https:\/\/www.rabalancegroup.com\/es\/nuestra-empresa\/","title":{"rendered":"Nuestra Empresa"},"content":{"rendered":"<p>[vc_row full_width=\u00bbstretch_row\u00bb][vc_column]\n\t\t\t<section class=\"imagebg parallax \" data-overlay=\"8\" >\n\t\t\t\t<div class=\"background-image-holder\"><img width=\"1500\" height=\"900\" src=\"https:\/\/www.rabalancegroup.com\/wp-content\/uploads\/2020\/06\/bioenergetics.jpg\" class=\"attachment-full size-full\" alt=\"\" decoding=\"async\" loading=\"lazy\" srcset=\"https:\/\/www.rabalancegroup.com\/wp-content\/uploads\/2020\/06\/bioenergetics.jpg 1500w, https:\/\/www.rabalancegroup.com\/wp-content\/uploads\/2020\/06\/bioenergetics-300x180.jpg 300w, https:\/\/www.rabalancegroup.com\/wp-content\/uploads\/2020\/06\/bioenergetics-1024x614.jpg 1024w, https:\/\/www.rabalancegroup.com\/wp-content\/uploads\/2020\/06\/bioenergetics-768x461.jpg 768w, https:\/\/www.rabalancegroup.com\/wp-content\/uploads\/2020\/06\/bioenergetics-600x360.jpg 600w\" sizes=\"(max-width: 1500px) 100vw, 1500px\" \/><\/div>\n\t\t\t\t<div class=\"container\">\n\t\t\t\t\t<div class=\"row\">\n\t\t\t\t\t\t<div class=\"col-sm-12\">\n\t\t\t\t\t\t\t<div class=\"cta\">\n\t\t\t\t\t\t\t\t[vc_empty_space height=\u00bb80px\u00bb][vc_column_text]<\/p>\n<h1 style=\"text-align: center;\">Hola, Somos RA Balance<\/h1>\n<p class=\"lead\" style=\"text-align: center;\">Nosotros representamos una tecnolog\u00eda innovadora desarrollada espec\u00edficamente para el tratamiento no intrusivo, no qu\u00edmico y natural para los s\u00edntomas y los problemas de la salud.<\/p>\n<p>[\/vc_column_text][vc_empty_space height=\u00bb80px\u00bb]\n\t\t\t\t\t\t\t<\/div>\n\t\t\t\t\t\t<\/div>\n\t\t\t\t\t<\/div><!--end of row-->\n\t\t\t\t<\/div><!--end of container-->\n\t\t\t\t\n\t\t\t<\/section>\n\t\t[\/vc_column][\/vc_row][vc_section][vc_row][vc_column width=\u00bb1\/6&#8243;][\/vc_column][vc_column width=\u00bb2\/3&#8243;][vc_column_text]<\/p>\n<h2 style=\"text-align: center;\">Nuestra Historia<\/h2>\n<p class=\"lead\" style=\"text-align: center;\">\u00abEn 2009, comenc\u00e9 RA Balance cuando me di cuenta de que hab\u00eda una necesidad de terapia alternativa en mi \u00e1rea. Despu\u00e9s de la experiencia personal, descubr\u00ed que muchas personas podr\u00edan beneficiarse de estas terapias, especialmente aquellas con enfermedades cr\u00f3nicas. Biomagnetismo es mi tratamiento alternativo preferido, ya que ayuda a nuestros clientes a comenzar a sentir los efectos despu\u00e9s de solo unas pocas sesiones. Despu\u00e9s de muchos a\u00f1os de pr\u00e1ctica y estudio, nos diversificamos en otros tratamientos, como una combinaci\u00f3n de terapia de Radi\u00f3nica y Biomagnetismo, pudimos crear nuestros propios tratamientos sistem\u00e1ticos y ayudan a nuestros valiosos clientes incluso m\u00e1s r\u00e1pido que antes \u00ab.<\/p>\n<p>[\/vc_column_text][\/vc_column][vc_column width=\u00bb1\/6&#8243;][\/vc_column][\/vc_row][vc_row css=\u00bb.vc_custom_1486488788346{padding-top: 80px !important;}\u00bb][vc_column width=\u00bb1\/12&#8243;][\/vc_column][vc_column width=\u00bb10\/12&#8243;]\n\t\t<div class=\" slider\" data-arrows=\"true\" data-paging=\"true\" data-autoplay=\"true\" data-timing=\"7000\">\n\t\t\t<ul class=\"slides\">\n\t\n\t\t\t\t<li class=\"col-sm-12\">\n\t\t\t\t\t<img width=\"720\" height=\"481\" src=\"https:\/\/www.rabalancegroup.com\/wp-content\/uploads\/2020\/06\/103272069_260806525227698_5016058747673946583_n.jpg\" class=\"attachment-full size-full\" alt=\"\" decoding=\"async\" loading=\"lazy\" srcset=\"https:\/\/www.rabalancegroup.com\/wp-content\/uploads\/2020\/06\/103272069_260806525227698_5016058747673946583_n.jpg 720w, https:\/\/www.rabalancegroup.com\/wp-content\/uploads\/2020\/06\/103272069_260806525227698_5016058747673946583_n-300x200.jpg 300w, https:\/\/www.rabalancegroup.com\/wp-content\/uploads\/2020\/06\/103272069_260806525227698_5016058747673946583_n-600x401.jpg 600w\" sizes=\"(max-width: 720px) 100vw, 720px\" \/>\n\t\t\t\t<\/li>\n\t\t\t\n\t\t\t<\/ul>\n\t\t<\/div>\n\t[\/vc_column][vc_column width=\u00bb1\/12&#8243;][\/vc_column][\/vc_row][\/vc_section][vc_section el_class=\u00bbbg&#8211;secondary\u00bb][vc_row][vc_column][vc_column_text]<\/p>\n<h2 style=\"text-align: center;\">Valores y Calificaciones<\/h2>\n<p class=\"lead\" style=\"text-align: center;\">Nuestros especialistas se someten a un riguroso proceso de certificaci\u00f3n desarrollado por el Centro de Investigaci\u00f3n Biom\u00e9dica (CIBM, por sus siglas en ingl\u00e9s) para garantizar que reciba atenci\u00f3n profesional de la mano de expertos en la materia. Respaldado por la Escuela Superior de Biomagnetismo M\u00e9dico, un pionero de la moda en los campos de Bio-magnetismo y tratamientos Bio-energ\u00e9ticos, con m\u00e1s de 20 a\u00f1os de investigaci\u00f3n, tenemos \u00e9xito donde otros han fallado.<\/p>\n<p class=\"lead\" style=\"text-align: center;\">Actualmente estamos en 10 ubicaciones internacionales y estamos buscando expandirnos cada a\u00f1o para ayudar a la mayor cantidad de personas posible. Nuestra terapia combina biomagnetismo, bioenerg\u00eda y radi\u00f3nica para garantizar un diagn\u00f3stico exhaustivo independientemente de los s\u00edntomas, de modo que podamos tratar eficazmente la causa ra\u00edz de la enfermedad de forma natural y equilibrada. Formulada espec\u00edficamente para el tratamiento y la prevenci\u00f3n de \u00abenfermedades incurables\u00bb, nuestra terapia ofrece a los pacientes un m\u00e9todo comprobado para restaurarlo a una salud superior que es m\u00e1s del 90% eficiente.<\/p>\n<p>[\/vc_column_text][\/vc_column][\/vc_row][\/vc_section]<\/p>\n","protected":false},"excerpt":{"rendered":"<p>[vc_row full_width=\u00bbstretch_row\u00bb][vc_column][\/vc_column][\/vc_row][vc_section][vc_row][vc_column width=\u00bb1\/6&#8243;][\/vc_column][vc_column width=\u00bb2\/3&#8243;][vc_column_text] Nuestra Historia \u00abEn 2009, comenc\u00e9 RA Balance cuando me di cuenta de que hab\u00eda una necesidad de terapia&#8230;<\/p>\n","protected":false},"author":1,"featured_media":0,"parent":0,"menu_order":0,"comment_status":"closed","ping_status":"closed","template":"","meta":[],"_links":{"self":[{"href":"https:\/\/www.rabalancegroup.com\/es\/wp-json\/wp\/v2\/pages\/3613"}],"collection":[{"href":"https:\/\/www.rabalancegroup.com\/es\/wp-json\/wp\/v2\/pages"}],"about":[{"href":"https:\/\/www.rabalancegroup.com\/es\/wp-json\/wp\/v2\/types\/page"}],"author":[{"embeddable":true,"href":"https:\/\/www.rabalancegroup.com\/es\/wp-json\/wp\/v2\/users\/1"}],"replies":[{"embeddable":true,"href":"https:\/\/www.rabalancegroup.com\/es\/wp-json\/wp\/v2\/comments?post=3613"}],"version-history":[{"count":4,"href":"https:\/\/www.rabalancegroup.com\/es\/wp-json\/wp\/v2\/pages\/3613\/revisions"}],"predecessor-version":[{"id":3660,"href":"https:\/\/www.rabalancegroup.com\/es\/wp-json\/wp\/v2\/pages\/3613\/revisions\/3660"}],"wp:attachment":[{"href":"https:\/\/www.rabalancegroup.com\/es\/wp-json\/wp\/v2\/media?parent=3613"}],"curies":[{"name":"wp","href":"https:\/\/api.w.org\/{rel}","templated":true}]}}