{"id":3616,"date":"2020-06-15T14:00:07","date_gmt":"2020-06-15T21:00:07","guid":{"rendered":"https:\/\/www.rabalancegroup.com\/?page_id=3616"},"modified":"2020-06-15T14:03:01","modified_gmt":"2020-06-15T21:03:01","slug":"biomagnetismo","status":"publish","type":"page","link":"https:\/\/www.rabalancegroup.com\/es\/biomagnetismo\/","title":{"rendered":"Biomagnetismo"},"content":{"rendered":"<p>[vc_row full_width=\u00bbstretch_row\u00bb][vc_column]\n\t\t\t<section class=\"imagebg parallax \" data-overlay=\"8\" >\n\t\t\t\t<div class=\"background-image-holder\"><img width=\"1024\" height=\"682\" src=\"https:\/\/www.rabalancegroup.com\/wp-content\/uploads\/2020\/06\/101825469_280585313081823_5457966769568219136_n.jpg\" class=\"attachment-full size-full\" alt=\"\" decoding=\"async\" loading=\"lazy\" srcset=\"https:\/\/www.rabalancegroup.com\/wp-content\/uploads\/2020\/06\/101825469_280585313081823_5457966769568219136_n.jpg 1024w, https:\/\/www.rabalancegroup.com\/wp-content\/uploads\/2020\/06\/101825469_280585313081823_5457966769568219136_n-300x200.jpg 300w, https:\/\/www.rabalancegroup.com\/wp-content\/uploads\/2020\/06\/101825469_280585313081823_5457966769568219136_n-768x512.jpg 768w, https:\/\/www.rabalancegroup.com\/wp-content\/uploads\/2020\/06\/101825469_280585313081823_5457966769568219136_n-600x400.jpg 600w\" sizes=\"(max-width: 1024px) 100vw, 1024px\" \/><\/div>\n\t\t\t\t<div class=\"container\">\n\t\t\t\t\t<div class=\"row\">\n\t\t\t\t\t\t<div class=\"col-sm-12\">\n\t\t\t\t\t\t\t<div class=\"cta\">\n\t\t\t\t\t\t\t\t[vc_empty_space height=\u00bb80px\u00bb][vc_column_text]<\/p>\n<h1 style=\"text-align: center;\">Biomagnetismo<\/h1>\n<p class=\"lead\" style=\"text-align: center;\">La terapia biomagn\u00e9tica es un m\u00e9todo probado con el objetivo de equilibrar los niveles de pH. Esto se logra restableciendo el entorno celular mediante el uso de un par de imanes de intensidad media.<\/p>\n<p>[\/vc_column_text][vc_empty_space height=\u00bb80px\u00bb]\n\t\t\t\t\t\t\t<\/div>\n\t\t\t\t\t\t<\/div>\n\t\t\t\t\t<\/div><!--end of row-->\n\t\t\t\t<\/div><!--end of container-->\n\t\t\t\t\n\t\t\t<\/section>\n\t\t[\/vc_column][\/vc_row][vc_section][vc_row][vc_column width=\u00bb1\/6&#8243;][\/vc_column][vc_column width=\u00bb2\/3&#8243;][vc_column_text]<\/p>\n<h2 style=\"text-align: center;\">\u00bfPor qu\u00e9 utilizarlo?<\/h2>\n<p class=\"lead\" style=\"text-align: center;\">Seg\u00fan una investigaci\u00f3n realizada por el Dr. Issac Goinz, una gran cantidad de enfermedades complejas, incluido el c\u00e1ncer, est\u00e1n asociadas con cambios en los niveles de pH de nuestros \u00f3rganos internos. Otros factores da\u00f1inos incluyen la presencia de virus, hongos, bacterias y toxinas.<br \/>\nPara mantener una buena salud es necesario mantener una temperatura de 98.6 grados Fahrenheit y un nivel de pH muy cercano a 7.4. Las terapias de biomagnetismo ayudan a restablecer ese equilibrio.<\/p>\n<p>[\/vc_column_text][\/vc_column][vc_column width=\u00bb1\/6&#8243;][\/vc_column][\/vc_row][vc_row css=\u00bb.vc_custom_1486488788346{padding-top: 80px !important;}\u00bb][vc_column width=\u00bb1\/12&#8243;][\/vc_column][vc_column width=\u00bb10\/12&#8243;]\n\t\t<div class=\" slider\" data-arrows=\"true\" data-paging=\"true\" data-autoplay=\"true\" data-timing=\"7000\">\n\t\t\t<ul class=\"slides\">\n\t\n\t\t\t\t<li class=\"col-sm-12\">\n\t\t\t\t\t<img width=\"960\" height=\"539\" src=\"https:\/\/www.rabalancegroup.com\/wp-content\/uploads\/2020\/06\/93439799_331021541219803_7980705103243902976_n.jpg\" class=\"attachment-full size-full\" alt=\"\" decoding=\"async\" loading=\"lazy\" srcset=\"https:\/\/www.rabalancegroup.com\/wp-content\/uploads\/2020\/06\/93439799_331021541219803_7980705103243902976_n.jpg 960w, https:\/\/www.rabalancegroup.com\/wp-content\/uploads\/2020\/06\/93439799_331021541219803_7980705103243902976_n-300x168.jpg 300w, https:\/\/www.rabalancegroup.com\/wp-content\/uploads\/2020\/06\/93439799_331021541219803_7980705103243902976_n-768x431.jpg 768w, https:\/\/www.rabalancegroup.com\/wp-content\/uploads\/2020\/06\/93439799_331021541219803_7980705103243902976_n-600x337.jpg 600w\" sizes=\"(max-width: 960px) 100vw, 960px\" \/>\n\t\t\t\t<\/li>\n\t\t\t\n\t\t\t\t<li class=\"col-sm-12\">\n\t\t\t\t\t<img width=\"1024\" height=\"682\" src=\"https:\/\/www.rabalancegroup.com\/wp-content\/uploads\/2020\/06\/101540509_256773558913821_1996343315062063104_n.jpg\" class=\"attachment-full size-full\" alt=\"\" decoding=\"async\" loading=\"lazy\" srcset=\"https:\/\/www.rabalancegroup.com\/wp-content\/uploads\/2020\/06\/101540509_256773558913821_1996343315062063104_n.jpg 1024w, https:\/\/www.rabalancegroup.com\/wp-content\/uploads\/2020\/06\/101540509_256773558913821_1996343315062063104_n-300x200.jpg 300w, https:\/\/www.rabalancegroup.com\/wp-content\/uploads\/2020\/06\/101540509_256773558913821_1996343315062063104_n-768x512.jpg 768w, https:\/\/www.rabalancegroup.com\/wp-content\/uploads\/2020\/06\/101540509_256773558913821_1996343315062063104_n-600x400.jpg 600w\" sizes=\"(max-width: 1024px) 100vw, 1024px\" \/>\n\t\t\t\t<\/li>\n\t\t\t\n\t\t\t\t<li class=\"col-sm-12\">\n\t\t\t\t\t<img width=\"1024\" height=\"682\" src=\"https:\/\/www.rabalancegroup.com\/wp-content\/uploads\/2020\/06\/101825469_280585313081823_5457966769568219136_n.jpg\" class=\"attachment-full size-full\" alt=\"\" decoding=\"async\" loading=\"lazy\" srcset=\"https:\/\/www.rabalancegroup.com\/wp-content\/uploads\/2020\/06\/101825469_280585313081823_5457966769568219136_n.jpg 1024w, https:\/\/www.rabalancegroup.com\/wp-content\/uploads\/2020\/06\/101825469_280585313081823_5457966769568219136_n-300x200.jpg 300w, https:\/\/www.rabalancegroup.com\/wp-content\/uploads\/2020\/06\/101825469_280585313081823_5457966769568219136_n-768x512.jpg 768w, https:\/\/www.rabalancegroup.com\/wp-content\/uploads\/2020\/06\/101825469_280585313081823_5457966769568219136_n-600x400.jpg 600w\" sizes=\"(max-width: 1024px) 100vw, 1024px\" \/>\n\t\t\t\t<\/li>\n\t\t\t\n\t\t\t\t<li class=\"col-sm-12\">\n\t\t\t\t\t<img width=\"1024\" height=\"682\" src=\"https:\/\/www.rabalancegroup.com\/wp-content\/uploads\/2020\/06\/101944974_3397100513669513_5987594627245408256_n.jpg\" class=\"attachment-full size-full\" alt=\"\" decoding=\"async\" loading=\"lazy\" srcset=\"https:\/\/www.rabalancegroup.com\/wp-content\/uploads\/2020\/06\/101944974_3397100513669513_5987594627245408256_n.jpg 1024w, https:\/\/www.rabalancegroup.com\/wp-content\/uploads\/2020\/06\/101944974_3397100513669513_5987594627245408256_n-300x200.jpg 300w, https:\/\/www.rabalancegroup.com\/wp-content\/uploads\/2020\/06\/101944974_3397100513669513_5987594627245408256_n-768x512.jpg 768w, https:\/\/www.rabalancegroup.com\/wp-content\/uploads\/2020\/06\/101944974_3397100513669513_5987594627245408256_n-600x400.jpg 600w\" sizes=\"(max-width: 1024px) 100vw, 1024px\" \/>\n\t\t\t\t<\/li>\n\t\t\t\n\t\t\t<\/ul>\n\t\t<\/div>\n\t[\/vc_column][vc_column width=\u00bb1\/12&#8243;][\/vc_column][\/vc_row][\/vc_section][vc_section el_class=\u00bbbg&#8211;secondary\u00bb][vc_row][vc_column][vc_column_text]<\/p>\n<h2 style=\"text-align: center;\">\u00bfC\u00f3mo se realiza?<\/h2>\n<p class=\"lead\" style=\"text-align: center;\">A trav\u00e9s del fen\u00f3meno conocido como despolarizaci\u00f3n, se produce una confrontaci\u00f3n entre las cargas BMP al aplicar un campo electromagn\u00e9tico con la misma polaridad a cada polo magn\u00e9tico. Una causa de los niveles de pH desequilibrados incluyen microorganismos patol\u00f3gicos que alteran los niveles \u00e1cidos y alcalinos de los \u00f3rganos. El proceso de curaci\u00f3n ocurre una vez que el pH ha alcanzado el equilibrio y alcanzado niveles \u00f3ptimos para el bienestar de una persona.<\/p>\n<p>[\/vc_column_text][\/vc_column][\/vc_row][\/vc_section]<\/p>\n","protected":false},"excerpt":{"rendered":"<p>[vc_row full_width=\u00bbstretch_row\u00bb][vc_column][\/vc_column][\/vc_row][vc_section][vc_row][vc_column width=\u00bb1\/6&#8243;][\/vc_column][vc_column width=\u00bb2\/3&#8243;][vc_column_text] \u00bfPor qu\u00e9 utilizarlo? Seg\u00fan una investigaci\u00f3n realizada por el Dr. Issac Goinz, una gran cantidad de enfermedades complejas,&#8230;<\/p>\n","protected":false},"author":1,"featured_media":0,"parent":0,"menu_order":0,"comment_status":"closed","ping_status":"closed","template":"","meta":[],"_links":{"self":[{"href":"https:\/\/www.rabalancegroup.com\/es\/wp-json\/wp\/v2\/pages\/3616"}],"collection":[{"href":"https:\/\/www.rabalancegroup.com\/es\/wp-json\/wp\/v2\/pages"}],"about":[{"href":"https:\/\/www.rabalancegroup.com\/es\/wp-json\/wp\/v2\/types\/page"}],"author":[{"embeddable":true,"href":"https:\/\/www.rabalancegroup.com\/es\/wp-json\/wp\/v2\/users\/1"}],"replies":[{"embeddable":true,"href":"https:\/\/www.rabalancegroup.com\/es\/wp-json\/wp\/v2\/comments?post=3616"}],"version-history":[{"count":2,"href":"https:\/\/www.rabalancegroup.com\/es\/wp-json\/wp\/v2\/pages\/3616\/revisions"}],"predecessor-version":[{"id":3621,"href":"https:\/\/www.rabalancegroup.com\/es\/wp-json\/wp\/v2\/pages\/3616\/revisions\/3621"}],"wp:attachment":[{"href":"https:\/\/www.rabalancegroup.com\/es\/wp-json\/wp\/v2\/media?parent=3616"}],"curies":[{"name":"wp","href":"https:\/\/api.w.org\/{rel}","templated":true}]}}