{"id":3702,"date":"2022-07-11T17:20:09","date_gmt":"2022-07-12T00:20:09","guid":{"rendered":"https:\/\/www.rabalancegroup.com\/?page_id=3702"},"modified":"2022-07-11T17:39:59","modified_gmt":"2022-07-12T00:39:59","slug":"el-metodo-ra-balance","status":"publish","type":"page","link":"https:\/\/www.rabalancegroup.com\/es\/el-metodo-ra-balance\/","title":{"rendered":"El M\u00e9todo RA Balance"},"content":{"rendered":"<p>[vc_row full_width=\u00bbstretch_row\u00bb][vc_column]\n\t\t\t<section class=\"imagebg parallax \" data-overlay=\"8\" >\n\t\t\t\t<div class=\"background-image-holder\"><img width=\"1024\" height=\"682\" src=\"https:\/\/www.rabalancegroup.com\/wp-content\/uploads\/2020\/06\/101825469_280585313081823_5457966769568219136_n.jpg\" class=\"attachment-full size-full\" alt=\"\" decoding=\"async\" loading=\"lazy\" srcset=\"https:\/\/www.rabalancegroup.com\/wp-content\/uploads\/2020\/06\/101825469_280585313081823_5457966769568219136_n.jpg 1024w, https:\/\/www.rabalancegroup.com\/wp-content\/uploads\/2020\/06\/101825469_280585313081823_5457966769568219136_n-300x200.jpg 300w, https:\/\/www.rabalancegroup.com\/wp-content\/uploads\/2020\/06\/101825469_280585313081823_5457966769568219136_n-768x512.jpg 768w, https:\/\/www.rabalancegroup.com\/wp-content\/uploads\/2020\/06\/101825469_280585313081823_5457966769568219136_n-600x400.jpg 600w\" sizes=\"(max-width: 1024px) 100vw, 1024px\" \/><\/div>\n\t\t\t\t<div class=\"container\">\n\t\t\t\t\t<div class=\"row\">\n\t\t\t\t\t\t<div class=\"col-sm-12\">\n\t\t\t\t\t\t\t<div class=\"cta\">\n\t\t\t\t\t\t\t\t[vc_empty_space height=\u00bb80px\u00bb][vc_column_text]<\/p>\n<h1 style=\"text-align: center;\">El M\u00e9todo RA Balance<\/h1>\n<p class=\"lead\" style=\"text-align: center;\">El M\u00e9todo RA Balance es imanes con esteroides por decir, es una t\u00e9cnica que utiliza nuestras facultades naturales para descubrir enfermedades que causan perturbaciones en nuestra energ\u00eda. El M\u00e9todo RA Balance se puede utilizar en humanos, animales y agricultura utilizando instrumentos que amplifican y transmiten una se\u00f1al de sanaci\u00f3n al campo de energ\u00eda del paciente.<\/p>\n<p>[\/vc_column_text][vc_empty_space height=\u00bb80px\u00bb]\n\t\t\t\t\t\t\t<\/div>\n\t\t\t\t\t\t<\/div>\n\t\t\t\t\t<\/div><!--end of row-->\n\t\t\t\t<\/div><!--end of container-->\n\t\t\t\t\n\t\t\t<\/section>\n\t\t[\/vc_column][\/vc_row][vc_section][vc_row][vc_column width=\u00bb1\/6&#8243;][\/vc_column][vc_column width=\u00bb2\/3&#8243;][vc_column_text]<\/p>\n<h2 style=\"text-align: center;\">\u00bfPor qu\u00e9 utilizarlo?<\/h2>\n<p class=\"lead\" style=\"text-align: center;\">El M\u00e9todo RA Balance se utiliza mejor como un tratamiento complementario, ya que no reemplaza ni interviene con la atenci\u00f3n m\u00e9dica convencional. El an\u00e1lisis del M\u00e9todo RA Balance no diagnostica en el sentido f\u00edsico, sino que revela desequilibrios energ\u00e9ticos profundos en las c\u00e9lulas del paciente.<\/p>\n<p>[\/vc_column_text][\/vc_column][vc_column width=\u00bb1\/6&#8243;][\/vc_column][\/vc_row][vc_row css=\u00bb.vc_custom_1486488788346{padding-top: 80px !important;}\u00bb][vc_column width=\u00bb1\/12&#8243;][\/vc_column][vc_column width=\u00bb10\/12&#8243;]\n\t\t<div class=\" slider\" data-arrows=\"true\" data-paging=\"true\" data-autoplay=\"true\" data-timing=\"7000\">\n\t\t\t<ul class=\"slides\">\n\t\n\t\t\t\t<li class=\"col-sm-12\">\n\t\t\t\t\t\n\t\t\t\t<\/li>\n\t\t\t\n\t\t\t<\/ul>\n\t\t<\/div>\n\t[\/vc_column][vc_column width=\u00bb1\/12&#8243;][\/vc_column][\/vc_row][\/vc_section][vc_section el_class=\u00bbbg&#8211;secondary\u00bb][vc_row][vc_column][vc_column_text]<\/p>\n<h2 style=\"text-align: center;\">\u00bfC\u00f3mo es realizado?<\/h2>\n<p class=\"lead\" style=\"text-align: center;\">RA Balance Method analiza y proporciona un perfil completo de la salud del paciente, as\u00ed como la integridad de los \u00f3rganos, los estados psicol\u00f3gicos y la falta de equilibrio en los patrones de energ\u00eda del paciente. Todos los estados patol\u00f3gicos y sus causas tienen su propia frecuencia de patrones de energ\u00eda; estos se pueden tratar de forma remota a trav\u00e9s de nuestro instrumento utilizando \u00abtasas\u00bb o patrones geom\u00e9tricos. El tratamiento tambi\u00e9n puede consistir en la proyecci\u00f3n de patrones energ\u00e9ticos curativos a los que se pueden agregar firmas de remedios homeop\u00e1ticos, colorantes, esencias florales y extractos de hierbas si est\u00e1n indicados como parte del tratamiento.<\/p>\n<p>[\/vc_column_text][\/vc_column][\/vc_row][\/vc_section][vc_section][vc_row][vc_column width=\u00bb1\/6&#8243;][\/vc_column][vc_column width=\u00bb2\/3&#8243;][vc_column_text]<\/p>\n<h2 style=\"text-align: center;\">\u00bfQu\u00e9 esperar en tu visita?<\/h2>\n<p class=\"lead\" style=\"text-align: center;\">Al elegir el M\u00e9todo RA Balance, el t\u00e9cnico lo ayudar\u00e1 a acostarse y sentirse c\u00f3modo. Una vez obtenidas todas las razones pertinentes por las que ha elegido esta terapia, el t\u00e9cnico le colocar\u00e1 imanes estrat\u00e9gicamente, as\u00ed como nuestro equipo RA Balance de \u00faltima generaci\u00f3n. Esto analizar\u00e1 su cuerpo a nivel celular permiti\u00e9ndonos entregar las frecuencias necesarias para ayudar a restaurar su cuerpo a su estado saludable normal. Los imanes comenzar\u00e1n a equilibrar su pH, lo que permitir\u00e1 que se abran los receptores de comunicaci\u00f3n para que su cuerpo pueda recibir las frecuencias que ayudan a que su entorno celular vuelva a la normalidad. Permitiendo as\u00ed que su cuerpo comience a curarse a s\u00ed mismo a un ritmo m\u00e1s r\u00e1pido, as\u00ed como en un plan de tratamiento personalizado.<\/p>\n<p>[\/vc_column_text][\/vc_column][vc_column width=\u00bb1\/6&#8243;][\/vc_column][\/vc_row][\/vc_section]<\/p>\n","protected":false},"excerpt":{"rendered":"<p>[vc_row full_width=\u00bbstretch_row\u00bb][vc_column][\/vc_column][\/vc_row][vc_section][vc_row][vc_column width=\u00bb1\/6&#8243;][\/vc_column][vc_column width=\u00bb2\/3&#8243;][vc_column_text] \u00bfPor qu\u00e9 utilizarlo? El M\u00e9todo RA Balance se utiliza mejor como un tratamiento complementario, ya que no reemplaza&#8230;<\/p>\n","protected":false},"author":3,"featured_media":0,"parent":0,"menu_order":0,"comment_status":"closed","ping_status":"closed","template":"","meta":[],"_links":{"self":[{"href":"https:\/\/www.rabalancegroup.com\/es\/wp-json\/wp\/v2\/pages\/3702"}],"collection":[{"href":"https:\/\/www.rabalancegroup.com\/es\/wp-json\/wp\/v2\/pages"}],"about":[{"href":"https:\/\/www.rabalancegroup.com\/es\/wp-json\/wp\/v2\/types\/page"}],"author":[{"embeddable":true,"href":"https:\/\/www.rabalancegroup.com\/es\/wp-json\/wp\/v2\/users\/3"}],"replies":[{"embeddable":true,"href":"https:\/\/www.rabalancegroup.com\/es\/wp-json\/wp\/v2\/comments?post=3702"}],"version-history":[{"count":4,"href":"https:\/\/www.rabalancegroup.com\/es\/wp-json\/wp\/v2\/pages\/3702\/revisions"}],"predecessor-version":[{"id":3707,"href":"https:\/\/www.rabalancegroup.com\/es\/wp-json\/wp\/v2\/pages\/3702\/revisions\/3707"}],"wp:attachment":[{"href":"https:\/\/www.rabalancegroup.com\/es\/wp-json\/wp\/v2\/media?parent=3702"}],"curies":[{"name":"wp","href":"https:\/\/api.w.org\/{rel}","templated":true}]}}